{"id":1574,"date":"2024-10-04T08:24:30","date_gmt":"2024-10-04T08:24:30","guid":{"rendered":"https:\/\/sudemar.eu\/?page_id=1574"},"modified":"2025-09-28T19:43:02","modified_gmt":"2025-09-28T19:43:02","slug":"mobile-app","status":"publish","type":"page","link":"https:\/\/sudemar.eu\/sv\/mobile-app\/","title":{"rendered":"Mobile app"},"content":{"rendered":"<p>S\u00e4kerst\u00e4ll kontinuitet i din professionella utveckling med v\u00e5r mobilapplikation. Optimerad f\u00f6r flexibel inl\u00e4rning ger appen tillg\u00e5ng till allt kursmaterial n\u00e4r som helst, med fokus p\u00e5 implementeringen av de globala m\u00e5len (SDG:erna) inom sj\u00f6fartssektorn. SUDEMAR-appen \u00e4r ett oumb\u00e4rligt verktyg f\u00f6r yrkesverksamma som vill integrera kontinuerligt l\u00e4rande i sina fullsp\u00e4ckade scheman.<\/p>\n\n\n\n<h3 class=\"wp-block-heading\">Snabbstart guide<\/h3>\n\n\n\n<ol class=\"wp-block-list\">\n<li>Ladda ner appen<\/li>\n<\/ol>\n\n\n\n<ul class=\"wp-block-list\">\n<li>iOS: App Store \u2192 s\u00f6k \u201cMoodle\u201d (<a href=\"https:\/\/apps.apple.com\/us\/app\/moodle\/id633359593\" target=\"_blank\" rel=\"noreferrer noopener\">Moodle Mobile<\/a>) \u2192 Installera.<\/li>\n\n\n\n<li>Android: Google Play Store \u2192 s\u00f6k \u201cMoodle\u201d (<a href=\"https:\/\/play.google.com\/store\/apps\/details?id=com.moodle.moodlemobile\" target=\"_blank\" rel=\"noreferrer noopener\">Moodle Mobile<\/a>) \u2192 Installera.<\/li>\n<\/ul>\n\n\n\n<ol start=\"2\" class=\"wp-block-list\">\n<li>\u00d6ppna appen och anslut till din webbplats.<\/li>\n<\/ol>\n\n\n\n<ul class=\"wp-block-list\">\n<li>Starta Moodle appen<\/li>\n\n\n\n<li>Tryck p\u00e5 \u201c+\u201d f\u00f6r att ansluta till SUDEMAR-kursen.<\/li>\n\n\n\n<li>Ange webbadressen till SUDEMAR-kursen: https:\/\/sudemar.eu\/course<\/li>\n\n\n\n<li>Tryck p\u00e5 SUDEMAR-kursen n\u00e4r den visas.<\/li>\n<\/ul>\n\n\n\n<ol start=\"3\" class=\"wp-block-list\">\n<li>Logga in<\/li>\n<\/ol>\n\n\n\n<ul class=\"wp-block-list\">\n<li>Anv\u00e4nd dina vanliga inloggningsuppgifter f\u00f6r SUDEMAR-kursen (anv\u00e4ndarnamn\/e-post och l\u00f6senord).<\/li>\n<\/ul>\n\n\n\n<ol start=\"4\" class=\"wp-block-list\">\n<li>G\u00e5 till SUDEMAR-kursen.<\/li>\n<\/ol>\n\n\n\n<ul class=\"wp-block-list\">\n<li>Efter inloggning, tryck p\u00e5 menyn (\u2261) eller g\u00e5 till hemsk\u00e4rmen.<\/li>\n\n\n\n<li>G\u00e5 till \"Dashboard\" eller \"Mina kurser\".<\/li>\n\n\n\n<li>V\u00e4lj SUDEMAR kursen<\/li>\n<\/ul>\n\n\n\n<ol start=\"5\" class=\"wp-block-list\">\n<li>Viktiga \u00e5tg\u00e4rder i appen<\/li>\n<\/ol>\n\n\n\n<ul class=\"wp-block-list\">\n<li>Visa inneh\u00e5ll: Tryck p\u00e5 \u00e4mnen\/veckor f\u00f6r att l\u00e4sa sidor och resurser.<\/li>\n\n\n\n<li>Ladda ner material: Tryck p\u00e5 h\u00e4mtningsikonen p\u00e5 filer f\u00f6r att g\u00f6ra dem tillg\u00e4ngliga offline.<\/li>\n\n\n\n<li>G\u00f6r tester: \u00d6ppna testaktiviteten \u2192 f\u00f6lj instruktionerna p\u00e5 sk\u00e4rmen; observera eventuella tidsgr\u00e4nser.<\/li>\n<\/ul>\n\n\n\n<ol start=\"6\" class=\"wp-block-list\">\n<li>Offline anv\u00e4ndning<\/li>\n<\/ol>\n\n\n\n<ul class=\"wp-block-list\">\n<li>Ladda ner kursbackup: \u00d6ppna kursen \u2192 tryck p\u00e5 h\u00e4mtningsikonen bredvid avsnitt eller filer.<\/li>\n\n\n\n<li>Arbeta offline; appen synkroniseras automatiskt n\u00e4r du \u00e5teransluter. <\/li>\n<\/ul>","protected":false},"excerpt":{"rendered":"<p>Appen st\u00f6djer implementeringen av de globala m\u00e5len (SDG:er) inom den maritima sektorn.<\/p>","protected":false},"author":1,"featured_media":0,"parent":0,"menu_order":0,"comment_status":"closed","ping_status":"closed","template":"template-fullwidth.php","meta":{"footnotes":""},"class_list":["post-1574","page","type-page","status-publish","hentry"],"_links":{"self":[{"href":"https:\/\/sudemar.eu\/sv\/wp-json\/wp\/v2\/pages\/1574","targetHints":{"allow":["GET"]}}],"collection":[{"href":"https:\/\/sudemar.eu\/sv\/wp-json\/wp\/v2\/pages"}],"about":[{"href":"https:\/\/sudemar.eu\/sv\/wp-json\/wp\/v2\/types\/page"}],"author":[{"embeddable":true,"href":"https:\/\/sudemar.eu\/sv\/wp-json\/wp\/v2\/users\/1"}],"replies":[{"embeddable":true,"href":"https:\/\/sudemar.eu\/sv\/wp-json\/wp\/v2\/comments?post=1574"}],"version-history":[{"count":0,"href":"https:\/\/sudemar.eu\/sv\/wp-json\/wp\/v2\/pages\/1574\/revisions"}],"wp:attachment":[{"href":"https:\/\/sudemar.eu\/sv\/wp-json\/wp\/v2\/media?parent=1574"}],"curies":[{"name":"wp","href":"https:\/\/api.w.org\/{rel}","templated":true}]}}