{"id":1571,"date":"2024-10-04T08:08:20","date_gmt":"2024-10-04T08:08:20","guid":{"rendered":"https:\/\/sudemar.eu\/?page_id=1571"},"modified":"2025-09-28T19:41:00","modified_gmt":"2025-09-28T19:41:00","slug":"e-learning-course","status":"publish","type":"page","link":"https:\/\/sudemar.eu\/tr\/e-learning-course\/","title":{"rendered":"E-\u00f6\u011frenme Kursu"},"content":{"rendered":"<p>E-\u00f6\u011frenme kursumuzla mesleki uzmanl\u0131\u011f\u0131n\u0131z\u0131 geli\u015ftirin. Bu program, denizcilik sekt\u00f6r\u00fcnde S\u00fcrd\u00fcr\u00fclebilir Kalk\u0131nma Hedefleri'ni (SKH) uygulamak i\u00e7in gerekli olan kritik bilgileri ve stratejik i\u00e7g\u00f6r\u00fcleri size sa\u011flamak \u00fczere tasarlanm\u0131\u015ft\u0131r. Program\u0131 tamamlad\u0131ktan sonra, olumlu bir de\u011fi\u015fim yaratmak ve kurulu\u015funuzun ve daha geni\u015f \u00e7apta sekt\u00f6r\u00fcn uzun vadeli ba\u015far\u0131s\u0131na katk\u0131da bulunmak i\u00e7in gerekli donan\u0131ma sahip olacaks\u0131n\u0131z.<\/p>\n\n\n\n<p>E-\u00f6\u011frenme kursumuz \u015fu adreste mevcuttur: <a href=\"https:\/\/sudemar.eu\/course\">https:\/\/sudemar.eu\/course<\/a> <\/p>\n\n\n\n<p><\/p>","protected":false},"excerpt":{"rendered":"<p>The course on the sustainable development in maritime sector. <\/p>","protected":false},"author":1,"featured_media":0,"parent":0,"menu_order":0,"comment_status":"closed","ping_status":"closed","template":"template-fullwidth.php","meta":{"footnotes":""},"class_list":["post-1571","page","type-page","status-publish","hentry"],"_links":{"self":[{"href":"https:\/\/sudemar.eu\/tr\/wp-json\/wp\/v2\/pages\/1571","targetHints":{"allow":["GET"]}}],"collection":[{"href":"https:\/\/sudemar.eu\/tr\/wp-json\/wp\/v2\/pages"}],"about":[{"href":"https:\/\/sudemar.eu\/tr\/wp-json\/wp\/v2\/types\/page"}],"author":[{"embeddable":true,"href":"https:\/\/sudemar.eu\/tr\/wp-json\/wp\/v2\/users\/1"}],"replies":[{"embeddable":true,"href":"https:\/\/sudemar.eu\/tr\/wp-json\/wp\/v2\/comments?post=1571"}],"version-history":[{"count":0,"href":"https:\/\/sudemar.eu\/tr\/wp-json\/wp\/v2\/pages\/1571\/revisions"}],"wp:attachment":[{"href":"https:\/\/sudemar.eu\/tr\/wp-json\/wp\/v2\/media?parent=1571"}],"curies":[{"name":"wp","href":"https:\/\/api.w.org\/{rel}","templated":true}]}}