{"id":1574,"date":"2024-10-04T08:24:30","date_gmt":"2024-10-04T08:24:30","guid":{"rendered":"https:\/\/sudemar.eu\/?page_id=1574"},"modified":"2025-09-28T19:43:02","modified_gmt":"2025-09-28T19:43:02","slug":"mobile-app","status":"publish","type":"page","link":"https:\/\/sudemar.eu\/tr\/mobile-app\/","title":{"rendered":"Mobil Uygulama"},"content":{"rendered":"<p>Mobil uygulamam\u0131zla mesleki geli\u015fiminizde kesintisiz bir s\u00fcreklilik sa\u011flay\u0131n. Esnek bir \u00f6\u011frenme deneyimi i\u00e7in optimize edilmi\u015f olan uygulama, denizcilik sekt\u00f6r\u00fcnde S\u00fcrd\u00fcr\u00fclebilir Kalk\u0131nma Hedefleri'nin (SKH) uygulanmas\u0131na odaklanan t\u00fcm kurs materyallerine iste\u011fe ba\u011fl\u0131 eri\u015fim sa\u011flar. SUDEMAR uygulamas\u0131, yo\u011fun programlar\u0131na s\u00fcrekli \u00f6\u011frenmeyi entegre etmek isteyen profesyoneller i\u00e7in vazge\u00e7ilmez bir ara\u00e7t\u0131r.<\/p>\n\n\n\n<h3 class=\"wp-block-heading\">H\u0131zl\u0131 Giri\u015f Rehberi<\/h3>\n\n\n\n<ol class=\"wp-block-list\">\n<li>Uygulamay\u0131 indirin.<\/li>\n<\/ol>\n\n\n\n<ul class=\"wp-block-list\">\n<li>\u0130\u015fletim sistemi: App Store \u2192 \u201cMoodle\u201d (Moodle Mobile) aramas\u0131 \u2192 Y\u00fckleyin.<a href=\"https:\/\/apps.apple.com\/us\/app\/moodle\/id633359593\" target=\"_blank\" rel=\"noreferrer noopener\">Moodle Mobile<\/a>) \u2192 Install.<\/li>\n\n\n\n<li>Android: Google Play Store \u2192 \u201cMoodle\u201d (Moodle Mobile) aramas\u0131 \u2192 Y\u00fckleyin.<a href=\"https:\/\/play.google.com\/store\/apps\/details?id=com.moodle.moodlemobile\" target=\"_blank\" rel=\"noreferrer noopener\">Moodle Mobile<\/a>) \u2192 Install.<\/li>\n<\/ul>\n\n\n\n<ol start=\"2\" class=\"wp-block-list\">\n<li>Uygulamay\u0131 a\u00e7\u0131n ve sitenize ba\u011flan\u0131n.<\/li>\n<\/ol>\n\n\n\n<ul class=\"wp-block-list\">\n<li>Moodle uygulamas\u0131n\u0131 ba\u015flat\u0131n.<\/li>\n\n\n\n<li>SUDEMAR kursuna ba\u011flanmak i\u00e7in \u201c+\u201d i\u015faretine dokunun.<\/li>\n\n\n\n<li>SUDEMAR kurs URL'sini girin: https:\/sudemar.eu\/course<\/li>\n\n\n\n<li>SUDEMAR kursu g\u00f6r\u00fcnd\u00fc\u011f\u00fcnde \u00fczerine dokunun.<\/li>\n<\/ul>\n\n\n\n<ol start=\"3\" class=\"wp-block-list\">\n<li>Giri\u015f yap\u0131n.<\/li>\n<\/ol>\n\n\n\n<ul class=\"wp-block-list\">\n<li>Normal SUDEMAR kursu kimlik bilgilerinizi (kullan\u0131c\u0131 ad\u0131\/e-posta ve \u015fifre) kullan\u0131n.<\/li>\n<\/ul>\n\n\n\n<ol start=\"4\" class=\"wp-block-list\">\n<li>SUDEMAR kursuna eri\u015fin.<\/li>\n<\/ol>\n\n\n\n<ul class=\"wp-block-list\">\n<li>Giri\u015f yapt\u0131ktan sonra, men\u00fcye (\u2261) veya Ana ekrana dokunun.<\/li>\n\n\n\n<li>\u201cKontrol Paneli\u201d veya \u201cKurslar\u0131m\u201da gidin.<\/li>\n\n\n\n<li>SUDEMAR kursunu se\u00e7in.<\/li>\n<\/ul>\n\n\n\n<ol start=\"5\" class=\"wp-block-list\">\n<li>Uygulamadaki temel i\u015flemler<\/li>\n<\/ol>\n\n\n\n<ul class=\"wp-block-list\">\n<li>\u0130\u00e7eri\u011fi g\u00f6r\u00fcnt\u00fcleme: Sayfalar\u0131 ve kaynaklar\u0131 okumak i\u00e7in konulara\/haftalara dokunun.<\/li>\n\n\n\n<li>Materyalleri indirin: Dosyalardaki indirme simgesine dokunarak bunlar\u0131 \u00e7evrimd\u0131\u015f\u0131 olarak kullan\u0131ma a\u00e7\u0131n.<\/li>\n\n\n\n<li>S\u0131navlara girin: S\u0131nav etkinli\u011fini a\u00e7\u0131n \u2192 ekrandaki talimatlar\u0131 izleyin; s\u00fcre s\u0131n\u0131rlar\u0131na dikkat edin.<\/li>\n<\/ul>\n\n\n\n<ol start=\"6\" class=\"wp-block-list\">\n<li>\u00c7evrimd\u0131\u015f\u0131 kullan\u0131m<\/li>\n<\/ol>\n\n\n\n<ul class=\"wp-block-list\">\n<li>Kurs yedeklemesini indirin: kursu a\u00e7\u0131n \u2192 b\u00f6l\u00fcmlerin veya dosyalar\u0131n yan\u0131ndaki indirme simgesine dokunun.<\/li>\n\n\n\n<li>\u00c7evrimd\u0131\u015f\u0131 \u00e7al\u0131\u015f\u0131n; yeniden ba\u011fland\u0131\u011f\u0131n\u0131zda uygulama senkronize olacakt\u0131r. <\/li>\n<\/ul>","protected":false},"excerpt":{"rendered":"<p>The app supports the implementation of SDGs in maritime sector.<\/p>","protected":false},"author":1,"featured_media":0,"parent":0,"menu_order":0,"comment_status":"closed","ping_status":"closed","template":"template-fullwidth.php","meta":{"footnotes":""},"class_list":["post-1574","page","type-page","status-publish","hentry"],"_links":{"self":[{"href":"https:\/\/sudemar.eu\/tr\/wp-json\/wp\/v2\/pages\/1574","targetHints":{"allow":["GET"]}}],"collection":[{"href":"https:\/\/sudemar.eu\/tr\/wp-json\/wp\/v2\/pages"}],"about":[{"href":"https:\/\/sudemar.eu\/tr\/wp-json\/wp\/v2\/types\/page"}],"author":[{"embeddable":true,"href":"https:\/\/sudemar.eu\/tr\/wp-json\/wp\/v2\/users\/1"}],"replies":[{"embeddable":true,"href":"https:\/\/sudemar.eu\/tr\/wp-json\/wp\/v2\/comments?post=1574"}],"version-history":[{"count":0,"href":"https:\/\/sudemar.eu\/tr\/wp-json\/wp\/v2\/pages\/1574\/revisions"}],"wp:attachment":[{"href":"https:\/\/sudemar.eu\/tr\/wp-json\/wp\/v2\/media?parent=1574"}],"curies":[{"name":"wp","href":"https:\/\/api.w.org\/{rel}","templated":true}]}}